{"id":4618,"date":"2018-05-21T09:57:42","date_gmt":"2018-05-21T07:57:42","guid":{"rendered":"http:\/\/test1.turbine-dresden.de\/?page_id=4618"},"modified":"2018-05-21T09:57:42","modified_gmt":"2018-05-21T07:57:42","slug":"datenschutzhinweis","status":"publish","type":"page","link":"https:\/\/test1.turbine-dresden.de\/?page_id=4618","title":{"rendered":"Datenschutzhinweis"},"content":{"rendered":"<div class=\"entry-content\">\n<p><strong>Privacy Policy von turbine-dresden.de, fussball.turbine-dresden.de, tischtennis.turbine-dresden.de<br \/>\n<\/strong><\/p>\n<p>turbine-dresden.de nimmt den Schutz personenbezogener Daten sehr ernst. Wir m\u00f6chten, dass Sie wissen, wann wir welche Daten speichern und wie wir sie verwenden. Als eingetragener Verein unterliegen wir den Bestimmungen des Bundesdatenschutzgesetzes (BDSG) und des Telemediengesetzes (TMG). Wir haben technische und organisatorische Ma\u00dfnahmen getroffen, die sicherstellen, dass die Vorschriften \u00fcber den Datenschutz sowohl von uns als auch von externen Dienstleistern beachtet werden.<\/p>\n<p><strong>Personenbezogene Daten<\/strong><\/p>\n<p>Personenbezogene Daten sind Informationen, die dazu genutzt werden k\u00f6nnen, Ihre Identit\u00e4t zu erfahren. Darunter fallen Informationen wie Ihr richtiger Name, Adresse, Postanschrift, Telefonnummer. Informationen, die nicht direkt mit Ihrer wirklichen Identit\u00e4t in Verbindung gebracht werden (wie zum Beispiel favorisierte Webseiten oder Anzahl der Nutzer einer Site) fallen nicht darunter.<\/p>\n<p>Sie k\u00f6nnen unser Online-Angebot grunds\u00e4tzlich ohne Offenlegung Ihrer Identit\u00e4t nutzen. Wenn Sie sich f\u00fcr einen unserer personalisierten Dienste registrieren lassen, fragen wir Sie nach Ihrem Namen und nach anderen pers\u00f6nlichen Informationen. Es unterliegt Ihrer freien Entscheidung, ob Sie diese Daten eingeben.<\/p>\n<p>Ihre Angaben speichern wir auf Servern in Deutschland. Der Zugriff darauf ist nur wenigen besonders befugten Personen m\u00f6glich.<\/p>\n<p><strong>Speicherung von IP-Adressen<\/strong><\/p>\n<p>In Verbindung mit Ihrem Zugriff werden auf unseren Servern Daten f\u00fcr Sicherungszwecke gespeichert, die m\u00f6glicherweise eine Identifizierung zulassen (zum Beispiel IP-Adresse, Datum, Uhrzeit und betrachtete Seiten). Es findet keine personenbezogene Verwertung statt. Die statistische Auswertung anonymisierter Datens\u00e4tze bleibt vorbehalten.<\/p>\n<p>Die Speicherung erfolgt aus Gr\u00fcnden der Datensicherheit, um die Stabilit\u00e4t und die Betriebssicherheit unseres Systems zu gew\u00e4hrleisten.<\/p>\n<p><strong>Weitergabe personenbezogener Informationen an Dritte<\/strong><\/p>\n<p>Wir verwenden Ihre personenbezogenen Informationen nur innerhalb von turbine-dresden.de. Wir geben ohne Ihr ausdr\u00fcckliches Einverst\u00e4ndnis grunds\u00e4tzlich keine personenbezogenen Daten an Dritte weiter.<\/p>\n<p>Sollten im Rahmen der Auftragsdatenverarbeitung Daten an Dienstleister weitergegeben werden, so sind diese an das BDSG, andere gesetzliche Vorschriften und vertraglich an diese Privacy Policy von turbine-dresden.de gebunden. Soweit wir gesetzlich oder per Gerichtsbeschluss dazu verpflichtet sind, werden wir Ihre Daten an auskunftsberechtigte Stellen \u00fcbermitteln.<\/p>\n<p>Wenn Sie uns personenbezogene Daten \u00fcberlassen haben, k\u00f6nnen Sie diese jederzeit wieder l\u00f6schen, soweit wir nicht durch gesetzliche Aufbewahrungspflichten, etwa zu steuerlichen oder buchhalterischen Zwecken, gehalten sind, diese Daten f\u00fcr einen bestimmten Zeitraum zu speichern. In diesem Fall werden wir die Daten unverz\u00fcglich nach Ablauf der Speicherfrist l\u00f6schen. Weiterhin k\u00f6nnen Sie falsche erfasste Daten selbstverst\u00e4ndlich jederzeit korrigieren lassen.<\/p>\n<p>Ihr Recht auf Widerruf und Korrektur k\u00f6nnen Sie gegen\u00fcber folgender Anschrift geltend machen: <a href=\"mailto:ssv@turbine-dresden.de\">ssv@turbine-dresden.de<\/a><\/p>\n<p id=\"nav_kinder_6\"><strong>Kinder<\/strong><\/p>\n<p>Personen unter 18 Jahren sollten ohne Zustimmung der Eltern oder Erziehungsberechtigten keine personenbezogenen Daten an uns \u00fcbermitteln.<\/p>\n<p id=\"nav_links_zu__7\" class=\"subheading\"><strong>Links zu anderen Websites<br \/>\n<\/strong><br \/>\nUnser Online-Angebot enth\u00e4lt Links zu anderen Websites. Wir haben keinen Einfluss darauf, dass deren Betreiber die Datenschutzbestimmungen einhalten.<\/p>\n<p id=\"nav_fragen_und__8\" class=\"subheading\"><strong>Fragen und Kommentare<\/strong><\/p>\n<p>F\u00fcr Fragen, Anregungen oder Kommentare zum Thema Datenschutz wenden Sie sich bitte per E-Mail an: <a href=\"mailto:ssv@turbine-dresden.de\">ssv@turbine-dresden.de<\/a>. Die rasante Entwicklung des Internet macht von Zeit zu Zeit Anpassungen in unserer Privacy Policy erforderlich. Sie werden an dieser Stelle \u00fcber die Neuerungen informiert.<\/p>\n<\/div>\n","protected":false},"excerpt":{"rendered":"<p>Privacy Policy von turbine-dresden.de, fussball.turbine-dresden.de, tischtennis.turbine-dresden.de turbine-dresden.de nimmt den Schutz personenbezogener Daten sehr ernst. Wir m\u00f6chten, dass Sie wissen, wann wir welche Daten speichern und wie wir sie verwenden. Als eingetragener Verein unterliegen wir den Bestimmungen des Bundesdatenschutzgesetzes (BDSG) und des Telemediengesetzes (TMG). Wir haben technische und organisatorische Ma\u00dfnahmen getroffen, die sicherstellen, dass die Vorschriften&hellip;<\/p>\n","protected":false},"author":1,"featured_media":0,"parent":0,"menu_order":0,"comment_status":"closed","ping_status":"closed","template":"","meta":{"footnotes":""},"class_list":["post-4618","page","type-page","status-publish","hentry"],"_links":{"self":[{"href":"https:\/\/test1.turbine-dresden.de\/index.php?rest_route=\/wp\/v2\/pages\/4618","targetHints":{"allow":["GET"]}}],"collection":[{"href":"https:\/\/test1.turbine-dresden.de\/index.php?rest_route=\/wp\/v2\/pages"}],"about":[{"href":"https:\/\/test1.turbine-dresden.de\/index.php?rest_route=\/wp\/v2\/types\/page"}],"author":[{"embeddable":true,"href":"https:\/\/test1.turbine-dresden.de\/index.php?rest_route=\/wp\/v2\/users\/1"}],"replies":[{"embeddable":true,"href":"https:\/\/test1.turbine-dresden.de\/index.php?rest_route=%2Fwp%2Fv2%2Fcomments&post=4618"}],"version-history":[{"count":1,"href":"https:\/\/test1.turbine-dresden.de\/index.php?rest_route=\/wp\/v2\/pages\/4618\/revisions"}],"predecessor-version":[{"id":4619,"href":"https:\/\/test1.turbine-dresden.de\/index.php?rest_route=\/wp\/v2\/pages\/4618\/revisions\/4619"}],"wp:attachment":[{"href":"https:\/\/test1.turbine-dresden.de\/index.php?rest_route=%2Fwp%2Fv2%2Fmedia&parent=4618"}],"curies":[{"name":"wp","href":"https:\/\/api.w.org\/{rel}","templated":true}]}}