{"id":49,"date":"2013-12-08T20:16:48","date_gmt":"2013-12-08T18:16:48","guid":{"rendered":"http:\/\/test1.turbine-dresden.de\/?page_id=49"},"modified":"2023-11-12T14:06:02","modified_gmt":"2023-11-12T12:06:02","slug":"bildergalerie","status":"publish","type":"page","link":"https:\/\/test1.turbine-dresden.de\/?page_id=49","title":{"rendered":"Bildergalerie"},"content":{"rendered":"<p>Bilder in absteigender Reihenfolge also die Neusten zu erst (beim Daraufklicken erscheinen die Bilder in voller Gr\u00f6\u00dfe)<\/p>\n<table>\n<tbody>\n<tr>\n<td colspan=\"2\"><center><b>2013<\/b><\/center><\/td>\n<\/tr>\n<tr>\n<td><a href=\"https:\/\/test1.turbine-dresden.de\/wp-content\/uploads\/2014\/08\/IMG_0789.jpg\"><img loading=\"lazy\" decoding=\"async\" class=\"size-medium wp-image-3523\" src=\"https:\/\/test1.turbine-dresden.de\/wp-content\/uploads\/2014\/08\/IMG_0789-300x225.jpg\" alt=\"Abschlussspiel 2013\" width=\"300\" height=\"225\" srcset=\"https:\/\/test1.turbine-dresden.de\/wp-content\/uploads\/2014\/08\/IMG_0789-300x225.jpg 300w, https:\/\/test1.turbine-dresden.de\/wp-content\/uploads\/2014\/08\/IMG_0789-1024x768.jpg 1024w, https:\/\/test1.turbine-dresden.de\/wp-content\/uploads\/2014\/08\/IMG_0789-400x300.jpg 400w\" sizes=\"auto, (max-width: 300px) 100vw, 300px\" \/><\/a><\/td>\n<td>Diese Sportfreunde waren beim Abschlu\u00dfspiel dabei:<\/p>\n<p>von links, hinten: Karsten, Benny, Jan, Mirko, Ralf und Thomas<br \/>\nund vorn: Uwe und Uwe<\/td>\n<\/tr>\n<tr>\n<td colspan=\"2\"><center><b>2011<\/b><\/center><\/td>\n<\/tr>\n<tr>\n<td><a href=\"https:\/\/test1.turbine-dresden.de\/wp-content\/uploads\/2014\/08\/2011_04.jpg\"><img loading=\"lazy\" decoding=\"async\" class=\"alignleft size-medium wp-image-3521\" src=\"https:\/\/test1.turbine-dresden.de\/wp-content\/uploads\/2014\/08\/2011_04-300x225.jpg\" alt=\"Klassenerhalt geschafft\" width=\"300\" height=\"225\" srcset=\"https:\/\/test1.turbine-dresden.de\/wp-content\/uploads\/2014\/08\/2011_04-300x225.jpg 300w, https:\/\/test1.turbine-dresden.de\/wp-content\/uploads\/2014\/08\/2011_04-1024x768.jpg 1024w, https:\/\/test1.turbine-dresden.de\/wp-content\/uploads\/2014\/08\/2011_04-400x300.jpg 400w\" sizes=\"auto, (max-width: 300px) 100vw, 300px\" \/><\/a><\/td>\n<td>Den Klassenerhalt erreicht:<\/p>\n<p>hinten: Stefan, Ralf, Mirko, Thomas, Gunther<br \/>\nvorn: Tim, Markus, Robert<\/td>\n<\/tr>\n<tr>\n<td>Kreispokal Platz 4: Diese Sportfreunde waren beim Finale dabei<br \/>\n<a href=\"https:\/\/test1.turbine-dresden.de\/wp-content\/uploads\/2014\/08\/Kreispokal_2011.jpg\"><img loading=\"lazy\" decoding=\"async\" class=\"alignleft size-medium wp-image-3524\" src=\"https:\/\/test1.turbine-dresden.de\/wp-content\/uploads\/2014\/08\/Kreispokal_2011-300x199.jpg\" alt=\"Kreispokal 2011\" width=\"300\" height=\"199\" srcset=\"https:\/\/test1.turbine-dresden.de\/wp-content\/uploads\/2014\/08\/Kreispokal_2011-300x200.jpg 300w, https:\/\/test1.turbine-dresden.de\/wp-content\/uploads\/2014\/08\/Kreispokal_2011-452x300.jpg 452w, https:\/\/test1.turbine-dresden.de\/wp-content\/uploads\/2014\/08\/Kreispokal_2011.jpg 600w\" sizes=\"auto, (max-width: 300px) 100vw, 300px\" \/><\/a><br \/>\nvon links:Eugen, Uwe, Oleg, Ralf, Tim, Robert und Karsten<\/td>\n<td><a href=\"https:\/\/test1.turbine-dresden.de\/wp-content\/uploads\/2014\/08\/UrkundePokal_2011.jpg\"><img loading=\"lazy\" decoding=\"async\" class=\"alignleft size-medium wp-image-3529\" src=\"https:\/\/test1.turbine-dresden.de\/wp-content\/uploads\/2014\/08\/UrkundePokal_2011-212x300.jpg\" alt=\"UrkundePokal_2011\" width=\"212\" height=\"300\" srcset=\"https:\/\/test1.turbine-dresden.de\/wp-content\/uploads\/2014\/08\/UrkundePokal_2011-212x300.jpg 212w, https:\/\/test1.turbine-dresden.de\/wp-content\/uploads\/2014\/08\/UrkundePokal_2011-724x1024.jpg 724w, https:\/\/test1.turbine-dresden.de\/wp-content\/uploads\/2014\/08\/UrkundePokal_2011.jpg 1240w\" sizes=\"auto, (max-width: 212px) 100vw, 212px\" \/><\/a><\/td>\n<\/tr>\n<tr>\n<td colspan=\"2\"><center><b>2010<\/b><\/center><\/td>\n<\/tr>\n<tr>\n<td><a href=\"https:\/\/test1.turbine-dresden.de\/wp-content\/uploads\/2014\/08\/2010_04.jpg\"><img loading=\"lazy\" decoding=\"async\" class=\"alignleft size-medium wp-image-3520\" src=\"https:\/\/test1.turbine-dresden.de\/wp-content\/uploads\/2014\/08\/2010_04-300x215.jpg\" alt=\"Aufstiegsmannschaft\" width=\"300\" height=\"215\" srcset=\"https:\/\/test1.turbine-dresden.de\/wp-content\/uploads\/2014\/08\/2010_04-300x215.jpg 300w, https:\/\/test1.turbine-dresden.de\/wp-content\/uploads\/2014\/08\/2010_04-1024x735.jpg 1024w, https:\/\/test1.turbine-dresden.de\/wp-content\/uploads\/2014\/08\/2010_04-417x300.jpg 417w\" sizes=\"auto, (max-width: 300px) 100vw, 300px\" \/><\/a><\/td>\n<td>die Aufstiegsmanschaft:<\/p>\n<p>hinten : Robert, Markus, Thomas, Mirko, Gunther, Stefan, Ralf<br \/>\nvorn : Uwe, Oleg, Uwe<\/td>\n<\/tr>\n<tr>\n<td colspan=\"2\">Es folgen noch einige (mehr oder weniger) aktuelle Mannschaftsbilder<br \/>\n<center><b>2007<\/b><\/center><\/td>\n<\/tr>\n<tr>\n<td><a href=\"https:\/\/test1.turbine-dresden.de\/wp-content\/uploads\/2014\/08\/2007_10.jpg\"><img loading=\"lazy\" decoding=\"async\" class=\"alignleft size-medium wp-image-3519\" src=\"https:\/\/test1.turbine-dresden.de\/wp-content\/uploads\/2014\/08\/2007_10-300x225.jpg\" alt=\"Mannschaft 2007\" width=\"300\" height=\"225\" srcset=\"https:\/\/test1.turbine-dresden.de\/wp-content\/uploads\/2014\/08\/2007_10-300x225.jpg 300w, https:\/\/test1.turbine-dresden.de\/wp-content\/uploads\/2014\/08\/2007_10-400x300.jpg 400w, https:\/\/test1.turbine-dresden.de\/wp-content\/uploads\/2014\/08\/2007_10.jpg 640w\" sizes=\"auto, (max-width: 300px) 100vw, 300px\" \/><\/a><\/td>\n<td>Mannschaft 2007<\/p>\n<p>hinten : Bernd, Frank, Gerd, Gunther, Mirko, Jan, Micha<br \/>\nvorn : Marko, Bogoy, Uwe, Oleg<\/td>\n<\/tr>\n<tr>\n<td colspan=\"2\"><center><b>2006<\/b><\/center><\/td>\n<\/tr>\n<tr>\n<td><a href=\"https:\/\/test1.turbine-dresden.de\/wp-content\/uploads\/2014\/08\/2006_11.jpg\"><img loading=\"lazy\" decoding=\"async\" class=\"alignleft size-medium wp-image-3518\" src=\"https:\/\/test1.turbine-dresden.de\/wp-content\/uploads\/2014\/08\/2006_11-300x225.jpg\" alt=\"Mannschaft 2006\" width=\"300\" height=\"225\" srcset=\"https:\/\/test1.turbine-dresden.de\/wp-content\/uploads\/2014\/08\/2006_11-300x225.jpg 300w, https:\/\/test1.turbine-dresden.de\/wp-content\/uploads\/2014\/08\/2006_11.jpg 400w\" sizes=\"auto, (max-width: 300px) 100vw, 300px\" \/><\/a><\/td>\n<td>Mannschaft 2006<\/p>\n<p>hintere Reihe : Frank, Thomas, Uwe, Gerd<br \/>\nvordere Reihe : Stefan, Bogoy, Bernd, Micha<\/td>\n<\/tr>\n<tr>\n<td colspan=\"2\"><center><b>2004<\/b><\/center><\/td>\n<\/tr>\n<tr>\n<td><a href=\"https:\/\/test1.turbine-dresden.de\/wp-content\/uploads\/2014\/08\/voll02.jpg\"><img loading=\"lazy\" decoding=\"async\" class=\"alignleft size-medium wp-image-3531\" src=\"https:\/\/test1.turbine-dresden.de\/wp-content\/uploads\/2014\/08\/voll02-300x224.jpg\" alt=\"Voll02\" width=\"300\" height=\"224\" srcset=\"https:\/\/test1.turbine-dresden.de\/wp-content\/uploads\/2014\/08\/voll02-300x224.jpg 300w, https:\/\/test1.turbine-dresden.de\/wp-content\/uploads\/2014\/08\/voll02-400x300.jpg 400w, https:\/\/test1.turbine-dresden.de\/wp-content\/uploads\/2014\/08\/voll02.jpg 520w\" sizes=\"auto, (max-width: 300px) 100vw, 300px\" \/><\/a><\/td>\n<td>Spielpause 2004<\/p>\n<p>von links nach hinten beginnend: Timo, Yanaki, Christian, Ralf, Frank, Micha<\/td>\n<\/tr>\n<tr>\n<td colspan=\"2\"><center><b>2003<\/b><\/center><\/td>\n<\/tr>\n<tr>\n<td><a href=\"https:\/\/test1.turbine-dresden.de\/wp-content\/uploads\/2013\/12\/voll01.jpg\"><img loading=\"lazy\" decoding=\"async\" class=\"alignleft size-medium wp-image-3562\" src=\"https:\/\/test1.turbine-dresden.de\/wp-content\/uploads\/2013\/12\/voll01-300x224.jpg\" alt=\"voll01\" width=\"300\" height=\"224\" srcset=\"https:\/\/test1.turbine-dresden.de\/wp-content\/uploads\/2013\/12\/voll01-300x224.jpg 300w, https:\/\/test1.turbine-dresden.de\/wp-content\/uploads\/2013\/12\/voll01-400x300.jpg 400w, https:\/\/test1.turbine-dresden.de\/wp-content\/uploads\/2013\/12\/voll01.jpg 520w\" sizes=\"auto, (max-width: 300px) 100vw, 300px\" \/><\/a><\/td>\n<td>Mannschaft 2003<\/p>\n<p>hinten: Horst, Ralf, Tino, Markus, Frank,<br \/>\nvorne : Timo, Cristian<\/td>\n<\/tr>\n<\/tbody>\n<\/table>\n","protected":false},"excerpt":{"rendered":"<p>Bilder in absteigender Reihenfolge also die Neusten zu erst (beim Daraufklicken erscheinen die Bilder in voller Gr\u00f6\u00dfe) 2013 Diese Sportfreunde waren beim Abschlu\u00dfspiel dabei: von links, hinten: Karsten, Benny, Jan, Mirko, Ralf und Thomas und vorn: Uwe und Uwe 2011 Den Klassenerhalt erreicht: hinten: Stefan, Ralf, Mirko, Thomas, Gunther vorn: Tim, Markus, Robert Kreispokal Platz&hellip;<\/p>\n","protected":false},"author":1,"featured_media":0,"parent":32,"menu_order":0,"comment_status":"closed","ping_status":"closed","template":"","meta":{"footnotes":""},"class_list":["post-49","page","type-page","status-publish","hentry"],"_links":{"self":[{"href":"https:\/\/test1.turbine-dresden.de\/index.php?rest_route=\/wp\/v2\/pages\/49","targetHints":{"allow":["GET"]}}],"collection":[{"href":"https:\/\/test1.turbine-dresden.de\/index.php?rest_route=\/wp\/v2\/pages"}],"about":[{"href":"https:\/\/test1.turbine-dresden.de\/index.php?rest_route=\/wp\/v2\/types\/page"}],"author":[{"embeddable":true,"href":"https:\/\/test1.turbine-dresden.de\/index.php?rest_route=\/wp\/v2\/users\/1"}],"replies":[{"embeddable":true,"href":"https:\/\/test1.turbine-dresden.de\/index.php?rest_route=%2Fwp%2Fv2%2Fcomments&post=49"}],"version-history":[{"count":30,"href":"https:\/\/test1.turbine-dresden.de\/index.php?rest_route=\/wp\/v2\/pages\/49\/revisions"}],"predecessor-version":[{"id":11722,"href":"https:\/\/test1.turbine-dresden.de\/index.php?rest_route=\/wp\/v2\/pages\/49\/revisions\/11722"}],"up":[{"embeddable":true,"href":"https:\/\/test1.turbine-dresden.de\/index.php?rest_route=\/wp\/v2\/pages\/32"}],"wp:attachment":[{"href":"https:\/\/test1.turbine-dresden.de\/index.php?rest_route=%2Fwp%2Fv2%2Fmedia&parent=49"}],"curies":[{"name":"wp","href":"https:\/\/api.w.org\/{rel}","templated":true}]}}