{"id":637,"date":"2014-03-28T09:04:23","date_gmt":"2014-03-28T07:04:23","guid":{"rendered":"http:\/\/test1.turbine-dresden.de\/?page_id=637"},"modified":"2014-03-28T09:04:23","modified_gmt":"2014-03-28T07:04:23","slug":"was-ist-kyudo","status":"publish","type":"page","link":"https:\/\/test1.turbine-dresden.de\/?page_id=637","title":{"rendered":"Was ist Kyudo?"},"content":{"rendered":"<p><b>Kyudo<\/b> ist die traditionelle Bogenkunst der Samurai. Seit dem 12. Jahrhundert wird das Bogenschie\u00dfen in Japan als Kriegskunst, zur Jagd und zu zeremoniellen Zwecken ge\u00fcbt und verfeinert. Im 16. Jahrhundert verlor der Bogen in Japan seine zentrale milit\u00e4rische Bedeutung als Distanzwaffe. Die Ausbildung der Samurai umfasste jedoch weiterhin die traditionellen Waffenk\u00fcnste. Der Geist der Kriegsk\u00fcnste und die Einsichten, die einstmals auf dem Schlachtfeld gewonnen wurden, blieben so \u00fcber die Jahrhunderte erhalten. Der Weg der Samurai war immer auch ein Weg der alten Kampfk\u00fcnste. Der Bogen galt dabei vielen als die edelste der Waffen.<\/p>\n<p>Wir trainieren die Technik einer der \u00e4ltesten und erfolgreichsten Bogenschulen Japans \u2013 der Heki To Ryu Insai Ha. Der Schuss wird dabei \u00fcber 8 genau festgelegte Phasen aufgebaut mit der Absicht, einen Pfeil mit gro\u00dfer Durchschlagkraft ins Ziel zu treffen.<\/p>\n<p>Kyudo ist die Freude am Bogenschie\u00dfen, ist Streben nach Perfektion und ist Kraft, Dynamik und Beharrlichkeit.<\/p>\n<p><i>Ein guter Sch\u00fctze schie\u00dft ohne viel Aufwand, schlicht und einfach gut.<\/i><\/p>\n<p><i>\u00a0\u00a0\u00a0\u00a0\u00a0\u00a0\u00a0\u00a0\u00a0\u00a0\u00a0\u00a0\u00a0\u00a0\u00a0\u00a0\u00a0\u00a0\u00a0\u00a0\u00a0\u00a0\u00a0\u00a0\u00a0\u00a0\u00a0\u00a0\u00a0\u00a0\u00a0\u00a0\u00a0\u00a0\u00a0\u00a0\u00a0\u00a0\u00a0\u00a0\u00a0\u00a0\u00a0\u00a0\u00a0\u00a0\u00a0\u00a0\u00a0\u00a0\u00a0\u00a0\u00a0\u00a0\u00a0\u00a0\u00a0\u00a0\u00a0\u00a0\u00a0\u00a0\u00a0\u00a0\u00a0\u00a0\u00a0\u00a0\u00a0\u00a0\u00a0\u00a0\u00a0\u00a0\u00a0\u00a0\u00a0\u00a0\u00a0\u00a0\u00a0\u00a0\u00a0\u00a0\u00a0\u00a0\u00a0\u00a0\u00a0\u00a0\u00a0\u00a0\u00a0\u00a0\u00a0\u00a0\u00a0\u00a0\u00a0\u00a0\u00a0\u00a0\u00a0\u00a0 Genshiro Inagaki Hanshi<\/i><\/p>\n","protected":false},"excerpt":{"rendered":"<p>Kyudo ist die traditionelle Bogenkunst der Samurai. Seit dem 12. Jahrhundert wird das Bogenschie\u00dfen in Japan als Kriegskunst, zur Jagd und zu zeremoniellen Zwecken ge\u00fcbt und verfeinert. Im 16. Jahrhundert verlor der Bogen in Japan seine zentrale milit\u00e4rische Bedeutung als Distanzwaffe. Die Ausbildung der Samurai umfasste jedoch weiterhin die traditionellen Waffenk\u00fcnste. Der Geist der Kriegsk\u00fcnste&hellip;<\/p>\n","protected":false},"author":1,"featured_media":0,"parent":30,"menu_order":0,"comment_status":"closed","ping_status":"closed","template":"","meta":{"footnotes":""},"class_list":["post-637","page","type-page","status-publish","hentry"],"_links":{"self":[{"href":"https:\/\/test1.turbine-dresden.de\/index.php?rest_route=\/wp\/v2\/pages\/637","targetHints":{"allow":["GET"]}}],"collection":[{"href":"https:\/\/test1.turbine-dresden.de\/index.php?rest_route=\/wp\/v2\/pages"}],"about":[{"href":"https:\/\/test1.turbine-dresden.de\/index.php?rest_route=\/wp\/v2\/types\/page"}],"author":[{"embeddable":true,"href":"https:\/\/test1.turbine-dresden.de\/index.php?rest_route=\/wp\/v2\/users\/1"}],"replies":[{"embeddable":true,"href":"https:\/\/test1.turbine-dresden.de\/index.php?rest_route=%2Fwp%2Fv2%2Fcomments&post=637"}],"version-history":[{"count":1,"href":"https:\/\/test1.turbine-dresden.de\/index.php?rest_route=\/wp\/v2\/pages\/637\/revisions"}],"predecessor-version":[{"id":638,"href":"https:\/\/test1.turbine-dresden.de\/index.php?rest_route=\/wp\/v2\/pages\/637\/revisions\/638"}],"up":[{"embeddable":true,"href":"https:\/\/test1.turbine-dresden.de\/index.php?rest_route=\/wp\/v2\/pages\/30"}],"wp:attachment":[{"href":"https:\/\/test1.turbine-dresden.de\/index.php?rest_route=%2Fwp%2Fv2%2Fmedia&parent=637"}],"curies":[{"name":"wp","href":"https:\/\/api.w.org\/{rel}","templated":true}]}}