{"id":67,"date":"2013-12-08T20:52:29","date_gmt":"2013-12-08T18:52:29","guid":{"rendered":"http:\/\/test1.turbine-dresden.de\/?page_id=67"},"modified":"2022-03-02T15:21:19","modified_gmt":"2022-03-02T13:21:19","slug":"home","status":"publish","type":"page","link":"https:\/\/test1.turbine-dresden.de\/","title":{"rendered":"Willkommen beim SSV Turbine Dresden e.V."},"content":{"rendered":"<p style=\"text-align: left;\">Wir, die Sportlerinnen und Sportler des SSV Turbine Dresden, verfolgen mit gro\u00dfer Sorge und Best\u00fcrzung die aktuellen Ereignisse in der Ukraine.<\/p>\n<p style=\"text-align: left;\">Entschieden verurteilen wir jegliche Formen kriegerischen Handelns zur Durchsetzung politischer Machtinteressen gegen demokratische und v\u00f6lkerrechtlich legitimierte Staaten.<\/p>\n<p style=\"text-align: left;\">Unser tiefstes Mitgef\u00fchl gilt der gesamten ukrainischen Bev\u00f6lkerung.<br \/>\nVerst\u00e4ndnis zeigen wir auch gegen\u00fcber der Zivilbev\u00f6lkerung aller L\u00e4nder, die unverschuldet in den Krieg hineingezogen werden und unter dessen Folgen zu leiden haben.<\/p>\n<p style=\"text-align: left;\">Vorstand SSV Turbine Dresden<\/p>\n","protected":false},"excerpt":{"rendered":"<p>Wir, die Sportlerinnen und Sportler des SSV Turbine Dresden, verfolgen mit gro\u00dfer Sorge und Best\u00fcrzung die aktuellen Ereignisse in der Ukraine. Entschieden verurteilen wir jegliche Formen kriegerischen Handelns zur Durchsetzung politischer Machtinteressen gegen demokratische und v\u00f6lkerrechtlich legitimierte Staaten. Unser tiefstes Mitgef\u00fchl gilt der gesamten ukrainischen Bev\u00f6lkerung. Verst\u00e4ndnis zeigen wir auch gegen\u00fcber der Zivilbev\u00f6lkerung aller L\u00e4nder,&hellip;<\/p>\n","protected":false},"author":1,"featured_media":0,"parent":0,"menu_order":1,"comment_status":"closed","ping_status":"closed","template":"page-front.php","meta":{"footnotes":""},"class_list":["post-67","page","type-page","status-publish","hentry"],"_links":{"self":[{"href":"https:\/\/test1.turbine-dresden.de\/index.php?rest_route=\/wp\/v2\/pages\/67","targetHints":{"allow":["GET"]}}],"collection":[{"href":"https:\/\/test1.turbine-dresden.de\/index.php?rest_route=\/wp\/v2\/pages"}],"about":[{"href":"https:\/\/test1.turbine-dresden.de\/index.php?rest_route=\/wp\/v2\/types\/page"}],"author":[{"embeddable":true,"href":"https:\/\/test1.turbine-dresden.de\/index.php?rest_route=\/wp\/v2\/users\/1"}],"replies":[{"embeddable":true,"href":"https:\/\/test1.turbine-dresden.de\/index.php?rest_route=%2Fwp%2Fv2%2Fcomments&post=67"}],"version-history":[{"count":55,"href":"https:\/\/test1.turbine-dresden.de\/index.php?rest_route=\/wp\/v2\/pages\/67\/revisions"}],"predecessor-version":[{"id":11470,"href":"https:\/\/test1.turbine-dresden.de\/index.php?rest_route=\/wp\/v2\/pages\/67\/revisions\/11470"}],"wp:attachment":[{"href":"https:\/\/test1.turbine-dresden.de\/index.php?rest_route=%2Fwp%2Fv2%2Fmedia&parent=67"}],"curies":[{"name":"wp","href":"https:\/\/api.w.org\/{rel}","templated":true}]}}